{"id":3541,"date":"2026-03-13T07:57:43","date_gmt":"2026-03-13T07:57:43","guid":{"rendered":"https:\/\/elnaz.se\/?post_type=product&#038;p=3541"},"modified":"2026-04-06T18:23:14","modified_gmt":"2026-04-06T18:23:14","slug":"workshophelg-shaabi-enta-ya-enta","status":"publish","type":"product","link":"https:\/\/elnaz.se\/en\/product\/workshophelg-shaabi-enta-ya-enta\/","title":{"rendered":"Workshophelg &#8211; Shaabi &#8221;Enta Ya Enta&#8221;"},"content":{"rendered":"<div class=\"x14z9mp xat24cr x1lziwak x1vvkbs xtlvy1s\">V\u00e4lkommen till en workshop d\u00e4r vi dansar Shaabi &#8211; en dansstil fr\u00e5n Kairo som \u00e4r i st\u00e4ndig utveckling. Ordet Shaabi betyder arbetarklass, popul\u00e4r eller folklig och \u00e4r en musikstil som ofta skildrar det \u201cvanliga folkets\u201d r\u00f6st. Dansstilen k\u00e4nnetecknas av tunga h\u00f6fter, mycket fart och ofta en glad och fl\u00f6rtig k\u00e4nsla.<br class=\"html-br\" \/>Under denna workshop jobbar vi med en fartfylld koreografi till Mahomoud El Leithys Enta Ya Enta.<\/div>\n<div><\/div>\n<div class=\"x14z9mp xat24cr x1lziwak x1vvkbs xtlvy1s\">Niv\u00e5: Avancerad. Denna workshop riktar sig till dig som dansat orientalisk dans i minst 5 \u00e5r, men mer eller mindre erfarna dansare \u00e4r sj\u00e4lvklart v\u00e4lkomna att delta. Mejla Elnaz innan anm\u00e4lan ifall du \u00e4r os\u00e4ker p\u00e5 din niv\u00e5.<\/div>\n<div><\/div>\n<div>\n<div class=\"Section644501485__root Section644501485---alignment-4-left\" data-section-type=\"DESCRIPTION\">\n<div class=\"Section644501485__childrenWrapper\" data-hook=\"children-DESCRIPTION\"><strong>Day &amp; time:<\/strong> L\u00f6rdag 18 april &amp; S\u00f6ndag 19 april kl 13 &#8211; 15<\/div>\n<div class=\"Section644501485__childrenWrapper\" data-hook=\"children-DESCRIPTION\"><strong>Number of sessions:<\/strong> 2 lektioner \u00e1 120 min<\/div>\n<\/div>\n<div class=\"Section644501485__root Section644501485--withBookButton Section644501485---alignment-4-left\" data-hook=\"scheduling-section\" data-section-type=\"SCHEDULING\">\n<div class=\"Divider3507464632__root Section644501485__divider\" data-hook=\"section-divider\">\n<p><strong>Address:<\/strong>\u00a0STUDIO E2 \u2013 Storsk\u00e4rsgatan 3, Stockholm<\/p>\n<\/div>\n<\/div>\n<\/div>","protected":false},"excerpt":{"rendered":"<p>V\u00e4lkommen till en workshop d\u00e4r vi dansar Shaabi &#8211; en dansstil fr\u00e5n Kairo som \u00e4r i st\u00e4ndig utveckling. Ordet Shaabi betyder arbetarklass, popul\u00e4r eller folklig och \u00e4r en musikstil som ofta skildrar det \u201cvanliga folkets\u201d r\u00f6st. Dansstilen k\u00e4nnetecknas av tunga h\u00f6fter, mycket fart och ofta en glad och fl\u00f6rtig k\u00e4nsla.Under denna workshop jobbar vi med [&hellip;]<\/p>\n","protected":false},"featured_media":3547,"comment_status":"open","ping_status":"closed","template":"","meta":{"site-sidebar-layout":"default","site-content-layout":"","ast-site-content-layout":"default","site-content-style":"default","site-sidebar-style":"default","ast-global-header-display":"","ast-banner-title-visibility":"","ast-main-header-display":"","ast-hfb-above-header-display":"","ast-hfb-below-header-display":"","ast-hfb-mobile-header-display":"","site-post-title":"","ast-breadcrumbs-content":"","ast-featured-img":"","footer-sml-layout":"","ast-disable-related-posts":"","theme-transparent-header-meta":"default","adv-header-id-meta":"","stick-header-meta":"","header-above-stick-meta":"","header-main-stick-meta":"","header-below-stick-meta":"","astra-migrate-meta-layouts":"set","ast-page-background-enabled":"default","ast-page-background-meta":{"desktop":{"background-color":"","background-image":"","background-repeat":"repeat","background-position":"center center","background-size":"auto","background-attachment":"scroll","background-type":"","background-media":"","overlay-type":"","overlay-color":"","overlay-opacity":"","overlay-gradient":""},"tablet":{"background-color":"","background-image":"","background-repeat":"repeat","background-position":"center center","background-size":"auto","background-attachment":"scroll","background-type":"","background-media":"","overlay-type":"","overlay-color":"","overlay-opacity":"","overlay-gradient":""},"mobile":{"background-color":"","background-image":"","background-repeat":"repeat","background-position":"center center","background-size":"auto","background-attachment":"scroll","background-type":"","background-media":"","overlay-type":"","overlay-color":"","overlay-opacity":"","overlay-gradient":""}},"ast-content-background-meta":{"desktop":{"background-color":"var(--ast-global-color-5)","background-image":"","background-repeat":"repeat","background-position":"center center","background-size":"auto","background-attachment":"scroll","background-type":"","background-media":"","overlay-type":"","overlay-color":"","overlay-opacity":"","overlay-gradient":""},"tablet":{"background-color":"var(--ast-global-color-5)","background-image":"","background-repeat":"repeat","background-position":"center center","background-size":"auto","background-attachment":"scroll","background-type":"","background-media":"","overlay-type":"","overlay-color":"","overlay-opacity":"","overlay-gradient":""},"mobile":{"background-color":"var(--ast-global-color-5)","background-image":"","background-repeat":"repeat","background-position":"center center","background-size":"auto","background-attachment":"scroll","background-type":"","background-media":"","overlay-type":"","overlay-color":"","overlay-opacity":"","overlay-gradient":""}}},"product_brand":[],"product_cat":[43],"product_tag":[],"class_list":{"0":"post-3541","1":"product","2":"type-product","3":"status-publish","4":"has-post-thumbnail","6":"product_cat-workshop","7":"desktop-align-left","8":"tablet-align-left","9":"mobile-align-left","11":"first","12":"instock","13":"taxable","14":"shipping-taxable","15":"purchasable","16":"product-type-simple"},"jetpack_sharing_enabled":true,"_links":{"self":[{"href":"https:\/\/elnaz.se\/en\/wp-json\/wp\/v2\/product\/3541","targetHints":{"allow":["GET"]}}],"collection":[{"href":"https:\/\/elnaz.se\/en\/wp-json\/wp\/v2\/product"}],"about":[{"href":"https:\/\/elnaz.se\/en\/wp-json\/wp\/v2\/types\/product"}],"replies":[{"embeddable":true,"href":"https:\/\/elnaz.se\/en\/wp-json\/wp\/v2\/comments?post=3541"}],"wp:featuredmedia":[{"embeddable":true,"href":"https:\/\/elnaz.se\/en\/wp-json\/wp\/v2\/media\/3547"}],"wp:attachment":[{"href":"https:\/\/elnaz.se\/en\/wp-json\/wp\/v2\/media?parent=3541"}],"wp:term":[{"taxonomy":"product_brand","embeddable":true,"href":"https:\/\/elnaz.se\/en\/wp-json\/wp\/v2\/product_brand?post=3541"},{"taxonomy":"product_cat","embeddable":true,"href":"https:\/\/elnaz.se\/en\/wp-json\/wp\/v2\/product_cat?post=3541"},{"taxonomy":"product_tag","embeddable":true,"href":"https:\/\/elnaz.se\/en\/wp-json\/wp\/v2\/product_tag?post=3541"}],"curies":[{"name":"wp","href":"https:\/\/api.w.org\/{rel}","templated":true}]}}