{"id":3438,"date":"2025-10-13T11:05:28","date_gmt":"2025-10-13T11:05:28","guid":{"rendered":"https:\/\/elnaz.se\/?post_type=product&#038;p=3438"},"modified":"2026-01-01T13:40:14","modified_gmt":"2026-01-01T13:40:14","slug":"dansa-for-palestina-2025","status":"publish","type":"product","link":"https:\/\/elnaz.se\/en\/product\/dansa-for-palestina-2025\/","title":{"rendered":"Dansa f\u00f6r Palestina"},"content":{"rendered":"<p><strong>V\u00e4lkommen till en heldag med dans och samtal fr\u00e5n och om Mellan\u00f6stern! Den orientaliska dansen har en stark koppling till folket och l\u00e4nderna den h\u00e4rstammar ifr\u00e5n och det \u00e4r viktigt som dansare inom orientaliska danser att l\u00e4ra oss mer om de folk och kulturer vars dans vi uppskattar. Dansa f\u00f6r Palestina syftar till att belysa Palestina genom att f\u00f6rmedla kunskap om dess historia och det p\u00e5g\u00e5ende folkmordet.\u00a0<\/strong><\/p>\n<p>&nbsp;<\/p>\n<p><strong>Denna dag \u00e4r till f\u00f6r oss att m\u00f6tas i ett tryggt forum d\u00e4r vi kan dela tankar och k\u00e4nslor med likasinnade. Denna dag \u00e4r ocks\u00e5 till f\u00f6r oss att kunna dansa tillsammans och m\u00f6tas i gl\u00e4dje, och en dag f\u00f6r oss att f\u00e5 djupare f\u00f6rst\u00e5else f\u00f6r vad som h\u00e4nder i Palestina och varf\u00f6r.\u00a0<\/strong><\/p>\n<p>&nbsp;<\/p>\n<p><em><strong>Alla int\u00e4kter g\u00e5r oavkortat till L\u00e4kare utan gr\u00e4nsers arbete i Gaza.<\/strong><\/em><\/p>\n<p>&nbsp;<\/p>\n<p><span style=\"font-weight: 400;\">Datum: S\u00f6ndag 14 december<br \/>\n<\/span><span style=\"font-weight: 400;\">Tid: kl 12.45 &#8211; 17.00<br \/>\n<\/span><span style=\"font-weight: 400;\">Plats: Studio E2, Storsk\u00e4rsgatan 3 (n\u00e4rmaste T-bana Karlaplan, uppg\u00e5ng Valhallav\u00e4gen)<br \/>\n<\/span><span style=\"font-weight: 400;\">Pris: 200 kr (men h\u00f6gre donationer v\u00e4lkomnas)<\/span><\/p>\n<p>&nbsp;<\/p>\n<p><strong>SCHEMA<\/strong><\/p>\n<p><span style=\"font-weight: 400;\">12.45 &#8211; 13.00 V\u00e4lkomna &#8211; D\u00f6rrarna till studion \u00f6ppnar!<\/span><\/p>\n<p><span style=\"font-weight: 400;\">13.00 &#8211; 14.00 Workshop 1: Orientalisk dans f\u00f6r nyb\u00f6rjare med Elnaz<\/span><\/p>\n<p><span style=\"font-weight: 400;\">14.00 &#8211; 14.15 Fika<\/span><\/p>\n<p><span style=\"font-weight: 400;\">14.15 &#8211; 15.15 F\u00f6rel\u00e4sning med Fayyad Assali fr\u00e5n f\u00f6reningen R\u00e4ttvisa F\u00f6r Alla\u00a0<\/span><\/p>\n<p><span style=\"font-weight: 400;\">15.15 &#8211; 15.30 Fika<\/span><\/p>\n<p><span style=\"font-weight: 400;\">15.30 &#8211; 16.30 Workshop 2: Orientalisk dans f\u00f6r medel\/avancerade med sagat (fingercymbaler) med Maria Oriental<\/span><\/p>\n<p><span style=\"font-weight: 400;\">16.30 &#8211; 17.00 Avslutande samtal<\/span><\/p>\n<p>&nbsp;<\/p>\n<p><strong>ANM\u00c4LAN\u00a0<\/strong><\/p>\n<p><span style=\"font-weight: 400;\">Du anm\u00e4ler dig till ett av tv\u00e5 block.<\/span><\/p>\n<p><span style=\"font-weight: 400;\">BLOCK 1: kl 12.45 &#8211; 15.30 &#8211; Workshop 1 + F\u00f6rel\u00e4sning<\/span><\/p>\n<p><span style=\"font-weight: 400;\">BLOCK 2: kl 14.00 &#8211; 17.00 &#8211; Workshop 2 + F\u00f6rel\u00e4sning.<br \/>\n<\/span><\/p>\n<p>&nbsp;<\/p>\n<p><span style=\"font-weight: 400;\">Mejla din anm\u00e4lan till anmalan@elnaz.se och specificera om du vill g\u00e5 Block 1 eller 2.<\/span><\/p>\n<p><span style=\"font-weight: 400;\">Anm\u00e4lan \u00e4r bindande. Max 12 deltagare per block &#8211; f\u00f6rst till kvarn!<\/span><\/p>\n<p><span style=\"font-weight: 400;\">__________________________<\/span><\/p>\n<p><strong>MER OM WORKSHOPARNA<\/strong><\/p>\n<p><span style=\"font-weight: 400;\">WORKSHOP 1: ORIENTALISK DANS F\u00d6R NYB\u00d6RJARE<\/span><\/p>\n<p><span style=\"font-weight: 400;\">Nyfiken p\u00e5 orientalisk dans? Passa p\u00e5 att sv\u00e4nga loss till medryckande musik fr\u00e5n Egypten!\u00a0<\/span><\/p>\n<p><span style=\"font-weight: 400;\">Orientalisk dans \u00e4r en rolig och effektiv motion som passar alla \u00e5ldrar och kroppar! Under en timme g\u00e5r vi igenom grundl\u00e4ggande teknik f\u00f6r att isolera r\u00f6relser i h\u00f6fter, br\u00f6stkorg och armar, samt provar p\u00e5 ett antal olika steg som vi s\u00e4tter ihop till en stegkombination.\u00a0<\/span><\/p>\n<p><span style=\"font-weight: 400;\">Workshopen passar dig som inte har n\u00e5gon tidigare dansvana.<\/span><\/p>\n<p><span style=\"font-weight: 400;\">Kl\u00e4dsel: Ha g\u00e4rna p\u00e5 dig kroppsn\u00e4ra och bekv\u00e4ma kl\u00e4der s\u00e5 att du enkelt kan ta ut och se dina r\u00f6relser. Vi dansar barfota eller i mjuka tygsandaler. Innerskor g\u00e5r \u00e4ven bra.<\/span><\/p>\n<p>&nbsp;<\/p>\n<p><span style=\"font-weight: 400;\">WORKSHOP 2: ORIENTALISK DANS F\u00d6R MEDEL\/AVANCERADE &#8211; SAGAT (FINGERCYMBALER)<\/span><\/p>\n<p><span style=\"font-weight: 400;\">Utveckla din teknik med fingercymbaler! Under en timme g\u00e5r vi igenom ett antal fingercymbalm\u00f6nster, tr\u00e4nar dem med olika steg och r\u00f6relser och s\u00e4tter ihop det till en stegkombination!<\/span><\/p>\n<p><span style=\"font-weight: 400;\">Workshopen passar dig som har minst tre \u00e5rs erfarenhet av orientalisk dans och g\u00e4rna har viss erfarenhet av att spela fingercymbaler. \u00c4ventyrliga nyb\u00f6rjare \u00e4r givetvis ocks\u00e5 v\u00e4lkomna, men fokus kommer att ligga p\u00e5 cymbaler och inte p\u00e5 r\u00f6relser.<\/span><\/p>\n<p><span style=\"font-weight: 400;\">Kl\u00e4dsel: Anv\u00e4nd bekv\u00e4ma kl\u00e4der som till\u00e5ter fri r\u00f6relse. Vi dansar barfota eller i mjuka tygsandaler. Innerskor g\u00e5r \u00e4ven bra. Ta g\u00e4rna med egna cymbaler.\u00a0 Det finns \u00e4ven n\u00e5gra att l\u00e5na.<\/span><\/p>\n<p><span style=\"font-weight: 400;\">__________________________<\/span><\/p>\n<p><strong>MER OM DAGENS DELTAGARE<\/strong><\/p>\n<p><span style=\"font-weight: 400;\">R\u00c4TTVISA F\u00d6R ALLA<br \/>\n<\/span><span style=\"font-weight: 400;\">R\u00e4ttvisa f\u00f6r Alla \u00e4r en politiskt obunden f\u00f6rening som arbetar f\u00f6r alla m\u00e4nniskors lika v\u00e4rde och r\u00e4ttigheter, oavsett bakgrund. De belyser hur samh\u00e4llsproblem f\u00f6rst\u00e4rks av rasism, segregation och inre kolonisering, vilket \u00e4ven blir tydligt i det v\u00e4sterl\u00e4ndska narrativet om Palestina. Att en ockupationsmakt f\u00e5r st\u00f6ttning under en l\u00e5ngtg\u00e5ende ockupation och p\u00e5g\u00e5ende folkmord \u00e4r ett tydligt exempel p\u00e5 hur rasism och kolonialism \u00e4r normaliserade f\u00f6rh\u00e5llningss\u00e4tt i det v\u00e4sterl\u00e4ndska samh\u00e4llet. Under dagens f\u00f6rel\u00e4sning ber\u00e4ttar RFAs talesperson Fayyad Assali om landets historia och ger en bakgrund till de senaste 77 \u00e5ren av israelisk ockupation.<\/span><\/p>\n<p><span style=\"font-weight: 400;\">Mer information om R\u00e4ttvisa f\u00f6r Alla finns p\u00e5 <\/span><a href=\"http:\/\/www.rattvisaforalla.se\"><span style=\"font-weight: 400;\">www.rattvisaforalla.se<\/span><\/a><span style=\"font-weight: 400;\"> .<\/span><\/p>\n<p>&nbsp;<\/p>\n<p><span style=\"font-weight: 400;\">MARIA ORIENTAL<br \/>\n<\/span><span style=\"font-weight: 400;\">Maria \u00e4r en professionell artist och instrukt\u00f6r med tjugo \u00e5rs erfarenhet av orientalisk dans. Ut\u00f6ver de moderna och folkloristiska arabiska danserna k\u00e4nner hon starkt f\u00f6r de olika folkliga och klassiska danserna fr\u00e5n Iran. Maria b\u00f6rjade undervisa orientalisk dans 2008 och f\u00f6rutom dans- och tekniktr\u00e4ning inneh\u00e5ller lektionerna mycket gl\u00e4dje, fokus p\u00e5 v\u00e4lm\u00e5ende och att st\u00e4rka v\u00e5ra fantastiska kroppar!\u00a0<\/span><\/p>\n<p><span style=\"font-weight: 400;\">Mer information om Maria finns p\u00e5 <\/span><a href=\"http:\/\/www.mariaoriental.se\"><span style=\"font-weight: 400;\">www.mariaoriental.se<\/span><\/a><span style=\"font-weight: 400;\"> .<\/span><\/p>\n<p>&nbsp;<\/p>\n<p><span style=\"font-weight: 400;\">ELNAZ<br \/>\n<\/span><span style=\"font-weight: 400;\">Elnaz har dansat s\u00e5 l\u00e4nge hon kan minnas och brinner s\u00e4rskilt f\u00f6r arabiska danser och musik. Med en f\u00f6rk\u00e4rlek till de traditionella folkloristiska stilarna fr\u00e5n Egypten till den moderna amerikanska stilen Fusion Belly Dance \u00e4r Elnaz en m\u00e5ngfacetterad dansare med bred kompetens.<\/span><\/p>\n<p><span style=\"font-weight: 400;\">Med \u00f6ver 15 \u00e5rs erfarenhet \u00e4r Elnaz en erfaren och kunnig l\u00e4rare. Som l\u00e4rare \u00f6nskar hon f\u00f6rmedla den gl\u00e4dje som dansen sk\u00e4nkt henne under s\u00e5 m\u00e5nga \u00e5r, samtidigt som hon \u00f6nskar st\u00e4rka kvinnor i deras egna kroppar och konstn\u00e4rskap.<\/span><\/p>\n<p><span style=\"font-weight: 400;\">Ut\u00f6ver sin karri\u00e4r som professionell dansare \u00e4r Elnaz \u00e4ven legitimerad fysioterapeut vilket gett henne en djupare f\u00f6rst\u00e5else f\u00f6r anatomi och r\u00f6relse vilket hon g\u00e4rna inkorporerar i sin undervisning.<\/span><\/p>\n<p><span style=\"font-weight: 400;\">Elnaz \u00e4r arrang\u00f6r av dagens evenemang och tillsammans med Ellinor \u201cEntropy\u201d Roxengren \u00e4gare av Studio E2.<\/span><\/p>\n<p><span style=\"font-weight: 400;\">Mer information om Elnaz finns p\u00e5 <\/span><a href=\"https:\/\/elnaz.se\/en\/\"><span style=\"font-weight: 400;\">www.elnaz.se<\/span><\/a><span style=\"font-weight: 400;\"> .<\/span><\/p>\n<p><span style=\"font-weight: 400;\">___________________________<\/span><\/p>\n<p><i><span style=\"font-weight: 400;\">Ahlan wa sahlan!<\/span><\/i><\/p>","protected":false},"excerpt":{"rendered":"<p>V\u00e4lkommen till en heldag med dans och samtal fr\u00e5n och om Mellan\u00f6stern! Den orientaliska dansen har en stark koppling till folket och l\u00e4nderna den h\u00e4rstammar ifr\u00e5n och det \u00e4r viktigt som dansare inom orientaliska danser att l\u00e4ra oss mer om de folk och kulturer vars dans vi uppskattar. Dansa f\u00f6r Palestina syftar till att belysa [&hellip;]<\/p>\n","protected":false},"featured_media":3459,"comment_status":"closed","ping_status":"closed","template":"","meta":{"site-sidebar-layout":"default","site-content-layout":"","ast-site-content-layout":"default","site-content-style":"default","site-sidebar-style":"default","ast-global-header-display":"","ast-banner-title-visibility":"","ast-main-header-display":"","ast-hfb-above-header-display":"","ast-hfb-below-header-display":"","ast-hfb-mobile-header-display":"","site-post-title":"","ast-breadcrumbs-content":"","ast-featured-img":"","footer-sml-layout":"","ast-disable-related-posts":"","theme-transparent-header-meta":"default","adv-header-id-meta":"","stick-header-meta":"","header-above-stick-meta":"","header-main-stick-meta":"","header-below-stick-meta":"","astra-migrate-meta-layouts":"set","ast-page-background-enabled":"default","ast-page-background-meta":{"desktop":{"background-color":"","background-image":"","background-repeat":"repeat","background-position":"center center","background-size":"auto","background-attachment":"scroll","background-type":"","background-media":"","overlay-type":"","overlay-color":"","overlay-opacity":"","overlay-gradient":""},"tablet":{"background-color":"","background-image":"","background-repeat":"repeat","background-position":"center center","background-size":"auto","background-attachment":"scroll","background-type":"","background-media":"","overlay-type":"","overlay-color":"","overlay-opacity":"","overlay-gradient":""},"mobile":{"background-color":"","background-image":"","background-repeat":"repeat","background-position":"center center","background-size":"auto","background-attachment":"scroll","background-type":"","background-media":"","overlay-type":"","overlay-color":"","overlay-opacity":"","overlay-gradient":""}},"ast-content-background-meta":{"desktop":{"background-color":"var(--ast-global-color-5)","background-image":"","background-repeat":"repeat","background-position":"center center","background-size":"auto","background-attachment":"scroll","background-type":"","background-media":"","overlay-type":"","overlay-color":"","overlay-opacity":"","overlay-gradient":""},"tablet":{"background-color":"var(--ast-global-color-5)","background-image":"","background-repeat":"repeat","background-position":"center center","background-size":"auto","background-attachment":"scroll","background-type":"","background-media":"","overlay-type":"","overlay-color":"","overlay-opacity":"","overlay-gradient":""},"mobile":{"background-color":"var(--ast-global-color-5)","background-image":"","background-repeat":"repeat","background-position":"center center","background-size":"auto","background-attachment":"scroll","background-type":"","background-media":"","overlay-type":"","overlay-color":"","overlay-opacity":"","overlay-gradient":""}}},"product_brand":[],"product_cat":[20],"product_tag":[],"class_list":{"0":"post-3438","1":"product","2":"type-product","3":"status-publish","4":"has-post-thumbnail","6":"product_cat-okategoriserad","7":"desktop-align-left","8":"tablet-align-left","9":"mobile-align-left","11":"first","12":"outofstock","13":"taxable","14":"shipping-taxable","15":"product-type-simple"},"jetpack_sharing_enabled":true,"_links":{"self":[{"href":"https:\/\/elnaz.se\/en\/wp-json\/wp\/v2\/product\/3438","targetHints":{"allow":["GET"]}}],"collection":[{"href":"https:\/\/elnaz.se\/en\/wp-json\/wp\/v2\/product"}],"about":[{"href":"https:\/\/elnaz.se\/en\/wp-json\/wp\/v2\/types\/product"}],"replies":[{"embeddable":true,"href":"https:\/\/elnaz.se\/en\/wp-json\/wp\/v2\/comments?post=3438"}],"wp:featuredmedia":[{"embeddable":true,"href":"https:\/\/elnaz.se\/en\/wp-json\/wp\/v2\/media\/3459"}],"wp:attachment":[{"href":"https:\/\/elnaz.se\/en\/wp-json\/wp\/v2\/media?parent=3438"}],"wp:term":[{"taxonomy":"product_brand","embeddable":true,"href":"https:\/\/elnaz.se\/en\/wp-json\/wp\/v2\/product_brand?post=3438"},{"taxonomy":"product_cat","embeddable":true,"href":"https:\/\/elnaz.se\/en\/wp-json\/wp\/v2\/product_cat?post=3438"},{"taxonomy":"product_tag","embeddable":true,"href":"https:\/\/elnaz.se\/en\/wp-json\/wp\/v2\/product_tag?post=3438"}],"curies":[{"name":"wp","href":"https:\/\/api.w.org\/{rel}","templated":true}]}}