{"id":3410,"date":"2025-10-12T13:59:16","date_gmt":"2025-10-12T13:59:16","guid":{"rendered":"https:\/\/elnaz.se\/?post_type=product&#038;p=3410"},"modified":"2026-03-28T18:02:40","modified_gmt":"2026-03-28T18:02:40","slug":"privatlektion-90-min","status":"publish","type":"product","link":"https:\/\/elnaz.se\/en\/product\/privatlektion-90-min\/","title":{"rendered":"Private class 90 minutes"},"content":{"rendered":"<p>Book your private lesson with Elnaz! Suitable both for beginners and experienced dancers. Perfect for those who want to focus on specific topics and receive plenty of personal feedback, or for those who prefer to learn at their own pace in a calmer environment. The lesson is fully tailored to your wishes.<\/p>\n<p>&nbsp;<\/p>\n<p><strong>Du bokar din privatlektion genom att f\u00f6rst mejla Elnaz p\u00e5 anmalan@elnaz.se, specificera vad du vill tr\u00e4na p\u00e5 och hur l\u00e5ng erfarenhet av orientalisk dans. Privatlektioner \u00e4r vanligen bokningsbara fredagar till s\u00f6ndagar, mejla Elnaz f\u00f6r exakt tillg\u00e4nglighet. Obs, vissa perioder erbjuder Elnaz inga tider, d\u00e4rf\u00f6r \u00e4r det viktigt att du mejlar Elnaz innan du betalar f\u00f6r din lektion.<\/strong><\/p>\n<p>&nbsp;<\/p>\n<p>Choose from the following dance styles:<\/p>\n<ul>\n<li>Oriental dance\/ Egyptian Belly Dance<\/li>\n<li>Fusion Belly Dance<\/li>\n<li>Fat Chance Belly Dance Style<\/li>\n<\/ul>\n<p>Examples of themes and options you can choose from:<\/p>\n<ul>\n<li>Music theory - rhythms<\/li>\n<li>Musicality<\/li>\n<li>Sagat (Finger cymbals)<\/li>\n<li>Performance skills<\/li>\n<li>Dancing with props such as assaya (cane), veil, mileya<\/li>\n<\/ul>\n<p>Och m\u00e5nga fler!<\/p>\n<p>All private lessons are held at STUDIO E2 \u2013 Storsk\u00e4rsgatan 3, Stockholm.<\/p>","protected":false},"excerpt":{"rendered":"<p>Boka din privatlektion med Elnaz! Passar b\u00e5de dig som \u00e4r nyb\u00f6rjare och dig som \u00e4r erfaren dansare. Perfekt f\u00f6r dig som kanske vill tr\u00e4na p\u00e5 specifika \u00e4mnen och f\u00e5 mycket personlig feedback, eller f\u00f6r dig som bara vill ta l\u00e4randet i ditt eget tempo och f\u00f6redrar en lugnare milj\u00f6. Lektionen anpassas helt enligt dina \u00f6nskem\u00e5l. [&hellip;]<\/p>\n","protected":false},"featured_media":3411,"comment_status":"closed","ping_status":"closed","template":"","meta":{"site-sidebar-layout":"default","site-content-layout":"","ast-site-content-layout":"default","site-content-style":"default","site-sidebar-style":"default","ast-global-header-display":"","ast-banner-title-visibility":"","ast-main-header-display":"","ast-hfb-above-header-display":"","ast-hfb-below-header-display":"","ast-hfb-mobile-header-display":"","site-post-title":"","ast-breadcrumbs-content":"","ast-featured-img":"","footer-sml-layout":"","ast-disable-related-posts":"","theme-transparent-header-meta":"default","adv-header-id-meta":"","stick-header-meta":"","header-above-stick-meta":"","header-main-stick-meta":"","header-below-stick-meta":"","astra-migrate-meta-layouts":"set","ast-page-background-enabled":"default","ast-page-background-meta":{"desktop":{"background-color":"","background-image":"","background-repeat":"repeat","background-position":"center center","background-size":"auto","background-attachment":"scroll","background-type":"","background-media":"","overlay-type":"","overlay-color":"","overlay-opacity":"","overlay-gradient":""},"tablet":{"background-color":"","background-image":"","background-repeat":"repeat","background-position":"center center","background-size":"auto","background-attachment":"scroll","background-type":"","background-media":"","overlay-type":"","overlay-color":"","overlay-opacity":"","overlay-gradient":""},"mobile":{"background-color":"","background-image":"","background-repeat":"repeat","background-position":"center center","background-size":"auto","background-attachment":"scroll","background-type":"","background-media":"","overlay-type":"","overlay-color":"","overlay-opacity":"","overlay-gradient":""}},"ast-content-background-meta":{"desktop":{"background-color":"var(--ast-global-color-5)","background-image":"","background-repeat":"repeat","background-position":"center center","background-size":"auto","background-attachment":"scroll","background-type":"","background-media":"","overlay-type":"","overlay-color":"","overlay-opacity":"","overlay-gradient":""},"tablet":{"background-color":"var(--ast-global-color-5)","background-image":"","background-repeat":"repeat","background-position":"center center","background-size":"auto","background-attachment":"scroll","background-type":"","background-media":"","overlay-type":"","overlay-color":"","overlay-opacity":"","overlay-gradient":""},"mobile":{"background-color":"var(--ast-global-color-5)","background-image":"","background-repeat":"repeat","background-position":"center center","background-size":"auto","background-attachment":"scroll","background-type":"","background-media":"","overlay-type":"","overlay-color":"","overlay-opacity":"","overlay-gradient":""}}},"product_brand":[],"product_cat":[40,43],"product_tag":[],"class_list":{"0":"post-3410","1":"product","2":"type-product","3":"status-publish","4":"has-post-thumbnail","6":"product_cat-privat","7":"product_cat-workshop","8":"desktop-align-left","9":"tablet-align-left","10":"mobile-align-left","12":"first","13":"instock","14":"taxable","15":"shipping-taxable","16":"purchasable","17":"product-type-simple"},"jetpack_sharing_enabled":true,"_links":{"self":[{"href":"https:\/\/elnaz.se\/en\/wp-json\/wp\/v2\/product\/3410","targetHints":{"allow":["GET"]}}],"collection":[{"href":"https:\/\/elnaz.se\/en\/wp-json\/wp\/v2\/product"}],"about":[{"href":"https:\/\/elnaz.se\/en\/wp-json\/wp\/v2\/types\/product"}],"replies":[{"embeddable":true,"href":"https:\/\/elnaz.se\/en\/wp-json\/wp\/v2\/comments?post=3410"}],"wp:featuredmedia":[{"embeddable":true,"href":"https:\/\/elnaz.se\/en\/wp-json\/wp\/v2\/media\/3411"}],"wp:attachment":[{"href":"https:\/\/elnaz.se\/en\/wp-json\/wp\/v2\/media?parent=3410"}],"wp:term":[{"taxonomy":"product_brand","embeddable":true,"href":"https:\/\/elnaz.se\/en\/wp-json\/wp\/v2\/product_brand?post=3410"},{"taxonomy":"product_cat","embeddable":true,"href":"https:\/\/elnaz.se\/en\/wp-json\/wp\/v2\/product_cat?post=3410"},{"taxonomy":"product_tag","embeddable":true,"href":"https:\/\/elnaz.se\/en\/wp-json\/wp\/v2\/product_tag?post=3410"}],"curies":[{"name":"wp","href":"https:\/\/api.w.org\/{rel}","templated":true}]}}