{"id":3370,"date":"2025-08-31T18:44:47","date_gmt":"2025-08-31T18:44:47","guid":{"rendered":"https:\/\/elnaz.se\/?post_type=product&#038;p=3370"},"modified":"2025-09-06T09:01:26","modified_gmt":"2025-09-06T09:01:26","slug":"prova-pa-lektion-4-september","status":"publish","type":"product","link":"https:\/\/elnaz.se\/en\/product\/prova-pa-lektion-4-september\/","title":{"rendered":"Prova p\u00e5 lektion 4 september"},"content":{"rendered":"<p>Denna anm\u00e4lan g\u00e4ller f\u00f6r att prova p\u00e5 f\u00f6rsta lektionstillf\u00e4llet under h\u00f6sten 2025 (4 september).<\/p>\n<p>Specificera i kommentaren vid utcheckning\/betalning om du anm\u00e4ler dig till nyb\u00f6rjarkursen eller forts\u00e4ttnings-\/medelkursen.<\/p>\n<p>V\u00e4ljer du sedan att anm\u00e4la dig till hela kursen efter ditt prova-p\u00e5 tillf\u00e4lle s\u00e5 dras denna summan av p\u00e5 ditt totalbelopp.<\/p>\n<p>&nbsp;<\/p>","protected":false},"excerpt":{"rendered":"<p>Denna anm\u00e4lan g\u00e4ller f\u00f6r att prova p\u00e5 f\u00f6rsta lektionstillf\u00e4llet under h\u00f6sten 2025 (4 september). Specificera i kommentaren vid utcheckning\/betalning om du anm\u00e4ler dig till nyb\u00f6rjarkursen eller forts\u00e4ttnings-\/medelkursen. V\u00e4ljer du sedan att anm\u00e4la dig till hela kursen efter ditt prova-p\u00e5 tillf\u00e4lle s\u00e5 dras denna summan av p\u00e5 ditt totalbelopp. &nbsp;<\/p>","protected":false},"featured_media":0,"comment_status":"closed","ping_status":"closed","template":"","meta":{"site-sidebar-layout":"default","site-content-layout":"","ast-site-content-layout":"default","site-content-style":"default","site-sidebar-style":"default","ast-global-header-display":"","ast-banner-title-visibility":"","ast-main-header-display":"","ast-hfb-above-header-display":"","ast-hfb-below-header-display":"","ast-hfb-mobile-header-display":"","site-post-title":"","ast-breadcrumbs-content":"","ast-featured-img":"","footer-sml-layout":"","ast-disable-related-posts":"","theme-transparent-header-meta":"default","adv-header-id-meta":"","stick-header-meta":"","header-above-stick-meta":"","header-main-stick-meta":"","header-below-stick-meta":"","astra-migrate-meta-layouts":"set","ast-page-background-enabled":"default","ast-page-background-meta":{"desktop":{"background-color":"","background-image":"","background-repeat":"repeat","background-position":"center center","background-size":"auto","background-attachment":"scroll","background-type":"","background-media":"","overlay-type":"","overlay-color":"","overlay-opacity":"","overlay-gradient":""},"tablet":{"background-color":"","background-image":"","background-repeat":"repeat","background-position":"center center","background-size":"auto","background-attachment":"scroll","background-type":"","background-media":"","overlay-type":"","overlay-color":"","overlay-opacity":"","overlay-gradient":""},"mobile":{"background-color":"","background-image":"","background-repeat":"repeat","background-position":"center center","background-size":"auto","background-attachment":"scroll","background-type":"","background-media":"","overlay-type":"","overlay-color":"","overlay-opacity":"","overlay-gradient":""}},"ast-content-background-meta":{"desktop":{"background-color":"var(--ast-global-color-5)","background-image":"","background-repeat":"repeat","background-position":"center center","background-size":"auto","background-attachment":"scroll","background-type":"","background-media":"","overlay-type":"","overlay-color":"","overlay-opacity":"","overlay-gradient":""},"tablet":{"background-color":"var(--ast-global-color-5)","background-image":"","background-repeat":"repeat","background-position":"center center","background-size":"auto","background-attachment":"scroll","background-type":"","background-media":"","overlay-type":"","overlay-color":"","overlay-opacity":"","overlay-gradient":""},"mobile":{"background-color":"var(--ast-global-color-5)","background-image":"","background-repeat":"repeat","background-position":"center center","background-size":"auto","background-attachment":"scroll","background-type":"","background-media":"","overlay-type":"","overlay-color":"","overlay-opacity":"","overlay-gradient":""}}},"product_brand":[],"product_cat":[20],"product_tag":[],"class_list":{"0":"post-3370","1":"product","2":"type-product","3":"status-publish","5":"product_cat-okategoriserad","6":"desktop-align-left","7":"tablet-align-left","8":"mobile-align-left","10":"first","11":"outofstock","12":"taxable","13":"shipping-taxable","14":"purchasable","15":"product-type-simple"},"jetpack_sharing_enabled":true,"_links":{"self":[{"href":"https:\/\/elnaz.se\/en\/wp-json\/wp\/v2\/product\/3370","targetHints":{"allow":["GET"]}}],"collection":[{"href":"https:\/\/elnaz.se\/en\/wp-json\/wp\/v2\/product"}],"about":[{"href":"https:\/\/elnaz.se\/en\/wp-json\/wp\/v2\/types\/product"}],"replies":[{"embeddable":true,"href":"https:\/\/elnaz.se\/en\/wp-json\/wp\/v2\/comments?post=3370"}],"wp:attachment":[{"href":"https:\/\/elnaz.se\/en\/wp-json\/wp\/v2\/media?parent=3370"}],"wp:term":[{"taxonomy":"product_brand","embeddable":true,"href":"https:\/\/elnaz.se\/en\/wp-json\/wp\/v2\/product_brand?post=3370"},{"taxonomy":"product_cat","embeddable":true,"href":"https:\/\/elnaz.se\/en\/wp-json\/wp\/v2\/product_cat?post=3370"},{"taxonomy":"product_tag","embeddable":true,"href":"https:\/\/elnaz.se\/en\/wp-json\/wp\/v2\/product_tag?post=3370"}],"curies":[{"name":"wp","href":"https:\/\/api.w.org\/{rel}","templated":true}]}}