{"id":3069,"date":"2024-12-28T21:38:00","date_gmt":"2024-12-28T21:38:00","guid":{"rendered":"https:\/\/elnaz.se\/?post_type=product&#038;p=3069"},"modified":"2026-03-28T16:54:59","modified_gmt":"2026-03-28T16:54:59","slug":"terminskurs-orientalisk-dans-fortsattare","status":"publish","type":"product","link":"https:\/\/elnaz.se\/en\/product\/terminskurs-orientalisk-dans-fortsattare\/","title":{"rendered":"Course: Egyptian Belly Dance \u2013 Intermediate"},"content":{"rendered":"<p>In this course, we delve deeper into oriental dance\/belly dance. We practice refining technique and learn more advanced movements. We also train in how to travel in different ways. During the course, we explore improvisation and work with various tools and group exercises to become more skilled dancers.<\/p>\n<p>Elnaz\u2019s courses place great emphasis on cultural context, and during the course you will learn a great deal about the history of the dance, the different dance styles, music theory, and more.<\/p>\n<p>This course is for those who have danced oriental dance for at least four years. If you are unsure about your level, please feel free to contact Elnaz before registering.<\/p>\n<p>&nbsp;<\/p>\n<div class=\"Section644501485__root Section644501485---alignment-4-left\" data-section-type=\"DESCRIPTION\">\n<div class=\"Section644501485__childrenWrapper\" data-hook=\"children-DESCRIPTION\"><strong>Day &amp; time:<\/strong> Thursdays 5:45\u20137:00 PM, starting February 12.<\/div>\n<div class=\"Section644501485__childrenWrapper\" data-hook=\"children-DESCRIPTION\"><strong>Number of sessions:<\/strong> 10 classes of 75 minutes<\/div>\n<\/div>\n<div class=\"Section644501485__root Section644501485--withBookButton Section644501485---alignment-4-left\" data-hook=\"scheduling-section\" data-section-type=\"SCHEDULING\">\n<div class=\"Divider3507464632__root Section644501485__divider\" data-hook=\"section-divider\">\n<p><strong>Address:<\/strong> STUDIO E2 &#8211; Storsk\u00e4rsgatan 3, Stockholm.<\/p>\n<\/div>\n<\/div>\n<div class=\"Section644501485__root Section644501485--withBookButton Section644501485---alignment-4-left\" data-hook=\"scheduling-section\" data-section-type=\"SCHEDULING\">\n<div class=\"Divider3507464632__root Section644501485__divider\" data-hook=\"section-divider\"><\/div>\n<\/div>","protected":false},"excerpt":{"rendered":"<p>Under denna kurs f\u00f6rdjupar vi oss inom orientalisk dans\/magdans. Vi tr\u00e4nar p\u00e5 att finslipa teknik och l\u00e4r oss mer avancerade r\u00f6relser. Vi tr\u00e4nar \u00e4ven p\u00e5 hur vi kan f\u00e4rdas p\u00e5 olika s\u00e4tt. Under kursen utforskar vi \u00e4ven improvisation och jobbar med olika verktyg och grupp\u00f6vningar f\u00f6r att bli skickligare dansare. Elnazs kurser l\u00e4gger stort fokus [&hellip;]<\/p>\n","protected":false},"featured_media":3469,"comment_status":"closed","ping_status":"closed","template":"","meta":{"site-sidebar-layout":"default","site-content-layout":"","ast-site-content-layout":"default","site-content-style":"default","site-sidebar-style":"default","ast-global-header-display":"","ast-banner-title-visibility":"","ast-main-header-display":"","ast-hfb-above-header-display":"","ast-hfb-below-header-display":"","ast-hfb-mobile-header-display":"","site-post-title":"","ast-breadcrumbs-content":"","ast-featured-img":"","footer-sml-layout":"","ast-disable-related-posts":"","theme-transparent-header-meta":"default","adv-header-id-meta":"","stick-header-meta":"","header-above-stick-meta":"","header-main-stick-meta":"","header-below-stick-meta":"","astra-migrate-meta-layouts":"set","ast-page-background-enabled":"default","ast-page-background-meta":{"desktop":{"background-color":"","background-image":"","background-repeat":"repeat","background-position":"center center","background-size":"auto","background-attachment":"scroll","background-type":"","background-media":"","overlay-type":"","overlay-color":"","overlay-opacity":"","overlay-gradient":""},"tablet":{"background-color":"","background-image":"","background-repeat":"repeat","background-position":"center center","background-size":"auto","background-attachment":"scroll","background-type":"","background-media":"","overlay-type":"","overlay-color":"","overlay-opacity":"","overlay-gradient":""},"mobile":{"background-color":"","background-image":"","background-repeat":"repeat","background-position":"center center","background-size":"auto","background-attachment":"scroll","background-type":"","background-media":"","overlay-type":"","overlay-color":"","overlay-opacity":"","overlay-gradient":""}},"ast-content-background-meta":{"desktop":{"background-color":"var(--ast-global-color-5)","background-image":"","background-repeat":"repeat","background-position":"center center","background-size":"auto","background-attachment":"scroll","background-type":"","background-media":"","overlay-type":"","overlay-color":"","overlay-opacity":"","overlay-gradient":""},"tablet":{"background-color":"var(--ast-global-color-5)","background-image":"","background-repeat":"repeat","background-position":"center center","background-size":"auto","background-attachment":"scroll","background-type":"","background-media":"","overlay-type":"","overlay-color":"","overlay-opacity":"","overlay-gradient":""},"mobile":{"background-color":"var(--ast-global-color-5)","background-image":"","background-repeat":"repeat","background-position":"center center","background-size":"auto","background-attachment":"scroll","background-type":"","background-media":"","overlay-type":"","overlay-color":"","overlay-opacity":"","overlay-gradient":""}}},"product_brand":[],"product_cat":[47,48],"product_tag":[],"class_list":{"0":"post-3069","1":"product","2":"type-product","3":"status-publish","4":"has-post-thumbnail","6":"product_cat-aktuellt-kursutbud","7":"product_cat-terminskurser","8":"desktop-align-left","9":"tablet-align-left","10":"mobile-align-left","12":"first","13":"outofstock","14":"taxable","15":"shipping-taxable","16":"purchasable","17":"product-type-simple"},"jetpack_sharing_enabled":true,"_links":{"self":[{"href":"https:\/\/elnaz.se\/en\/wp-json\/wp\/v2\/product\/3069","targetHints":{"allow":["GET"]}}],"collection":[{"href":"https:\/\/elnaz.se\/en\/wp-json\/wp\/v2\/product"}],"about":[{"href":"https:\/\/elnaz.se\/en\/wp-json\/wp\/v2\/types\/product"}],"replies":[{"embeddable":true,"href":"https:\/\/elnaz.se\/en\/wp-json\/wp\/v2\/comments?post=3069"}],"wp:featuredmedia":[{"embeddable":true,"href":"https:\/\/elnaz.se\/en\/wp-json\/wp\/v2\/media\/3469"}],"wp:attachment":[{"href":"https:\/\/elnaz.se\/en\/wp-json\/wp\/v2\/media?parent=3069"}],"wp:term":[{"taxonomy":"product_brand","embeddable":true,"href":"https:\/\/elnaz.se\/en\/wp-json\/wp\/v2\/product_brand?post=3069"},{"taxonomy":"product_cat","embeddable":true,"href":"https:\/\/elnaz.se\/en\/wp-json\/wp\/v2\/product_cat?post=3069"},{"taxonomy":"product_tag","embeddable":true,"href":"https:\/\/elnaz.se\/en\/wp-json\/wp\/v2\/product_tag?post=3069"}],"curies":[{"name":"wp","href":"https:\/\/api.w.org\/{rel}","templated":true}]}}