{"id":2616,"date":"2023-12-24T15:52:58","date_gmt":"2023-12-24T15:52:58","guid":{"rendered":"https:\/\/elnaz.se\/?page_id=2616"},"modified":"2025-07-24T06:58:22","modified_gmt":"2025-07-24T06:58:22","slug":"bokning","status":"publish","type":"page","link":"https:\/\/elnaz.se\/en\/bokning\/","title":{"rendered":"Booking"},"content":{"rendered":"<div data-elementor-type=\"wp-page\" data-elementor-id=\"2616\" class=\"elementor elementor-2616\">\n\t\t\t\t\t\t<section class=\"elementor-section elementor-top-section elementor-element elementor-element-d2780f4 elementor-section-boxed elementor-section-height-default elementor-section-height-default\" data-id=\"d2780f4\" data-element_type=\"section\" data-e-type=\"section\">\n\t\t\t\t\t\t<div class=\"elementor-container elementor-column-gap-default\">\n\t\t\t\t\t<div class=\"elementor-column elementor-col-100 elementor-top-column elementor-element elementor-element-7b34707\" data-id=\"7b34707\" data-element_type=\"column\" data-e-type=\"column\">\n\t\t\t<div class=\"elementor-widget-wrap elementor-element-populated\">\n\t\t\t\t\t\t<div class=\"elementor-element elementor-element-66f542f elementor-widget-divider--view-line elementor-widget elementor-widget-divider\" data-id=\"66f542f\" data-element_type=\"widget\" data-e-type=\"widget\" data-widget_type=\"divider.default\">\n\t\t\t\t<div class=\"elementor-widget-container\">\n\t\t\t\t\t\t\t<div class=\"elementor-divider\">\n\t\t\t<span class=\"elementor-divider-separator\">\n\t\t\t\t\t\t<\/span>\n\t\t<\/div>\n\t\t\t\t\t\t<\/div>\n\t\t\t\t<\/div>\n\t\t\t\t<div class=\"elementor-element elementor-element-4c7b8c4 elementor-widget elementor-widget-heading\" data-id=\"4c7b8c4\" data-element_type=\"widget\" data-e-type=\"widget\" data-widget_type=\"heading.default\">\n\t\t\t\t<div class=\"elementor-widget-container\">\n\t\t\t\t\t<h2 class=\"elementor-heading-title elementor-size-default\">Booking<\/h2>\t\t\t\t<\/div>\n\t\t\t\t<\/div>\n\t\t\t\t<div class=\"elementor-element elementor-element-998380c elementor-widget__width-inherit elementor-widget elementor-widget-text-editor\" data-id=\"998380c\" data-element_type=\"widget\" data-e-type=\"widget\" data-widget_type=\"text-editor.default\">\n\t\t\t\t<div class=\"elementor-widget-container\">\n\t\t\t\t\t\t\t\t\t<p class=\"has-text-align-center\" style=\"box-sizing: inherit; font-size: 14px; font-style: normal; font-weight: 400; text-align: center;\"><em style=\"box-sizing: inherit;\">Make your party, wedding, or corporate event unforgettable \u2013 hire Elnaz for an elegant and captivating dance performance.<\/em><\/p><p class=\"has-text-align-center\" style=\"box-sizing: inherit; font-size: 14px; font-style: normal; font-weight: 400; text-align: center;\">Elnaz is available for booking for both performances and teaching in a variety of dance styles. Over the years, she has appeared on both large and small stages, including Wisbymaskeraden (2011, 2012), Berns, Grand H\u00f4tel, and Nalen. She has also performed internationally in countries such as Egypt, Spain, Serbia, Finland, and Germany. As an artist, Elnaz is appreciated for her ability to captivate her audience and convey emotion.<\/p><p class=\"has-text-align-center\" style=\"box-sizing: inherit; font-size: 14px; font-style: normal; font-weight: 400; text-align: center;\"><strong>View the full price list\u00a0<a href=\"https:\/\/elnaz.se\/wp-content\/uploads\/2025\/07\/Prislista-2025-Elnaz-Dance.pdf\" target=\"_blank\" rel=\"noopener\">here<\/a>.<\/strong><\/p>\t\t\t\t\t\t\t\t<\/div>\n\t\t\t\t<\/div>\n\t\t\t\t<section class=\"elementor-section elementor-inner-section elementor-element elementor-element-a96cb91 elementor-section-boxed elementor-section-height-default elementor-section-height-default\" data-id=\"a96cb91\" data-element_type=\"section\" data-e-type=\"section\">\n\t\t\t\t\t\t<div class=\"elementor-container elementor-column-gap-default\">\n\t\t\t\t\t<div class=\"elementor-column elementor-col-50 elementor-inner-column elementor-element elementor-element-f12187d\" data-id=\"f12187d\" data-element_type=\"column\" data-e-type=\"column\">\n\t\t\t<div class=\"elementor-widget-wrap elementor-element-populated\">\n\t\t\t\t\t\t<div class=\"elementor-element elementor-element-e84854b elementor-widget elementor-widget-heading\" data-id=\"e84854b\" data-element_type=\"widget\" data-e-type=\"widget\" data-widget_type=\"heading.default\">\n\t\t\t\t<div class=\"elementor-widget-container\">\n\t\t\t\t\t<h1 class=\"elementor-heading-title elementor-size-default\">Performance<\/h1>\t\t\t\t<\/div>\n\t\t\t\t<\/div>\n\t\t\t\t<div class=\"elementor-element elementor-element-0cb6d67 elementor-widget elementor-widget-text-editor\" data-id=\"0cb6d67\" data-element_type=\"widget\" data-e-type=\"widget\" data-widget_type=\"text-editor.default\">\n\t\t\t\t<div class=\"elementor-widget-container\">\n\t\t\t\t\t\t\t\t\t<p>Choose from different styles and programs. The content and music of the performance are tailored to your preferences. Below are two of the most common programs. For other requests, you are welcome to contact Elnaz.<\/p>\n<p><strong>Mini performance, 10 \u2013 15 minutes<\/strong><br \/>This performance consists of one act with two to three songs and is particularly suited for a small stage.<\/p>\n<p><strong>Classic performance,  2 x 10 minutes<\/strong><br \/>This performance consists of two acts and includes a costume change. The intermission between the two sets may be a maximum of 30 minutes. This performance can include several different styles, such as Oriental dance and Fusion Belly Dance.<\/p>\n<p><strong>Gala performance, 2 x 20 minutes<\/strong><br \/>This performance consists of two sets and includes a costume change. The intermission between the two sets may be a maximum of 60 minutes. This performance can include several styles, such as Oriental dance and Fusion Belly Dance, and is particularly suitable for large stages and events such as weddings.<\/p>\t\t\t\t\t\t\t\t<\/div>\n\t\t\t\t<\/div>\n\t\t\t\t<div class=\"elementor-element elementor-element-f9aed36 elementor-widget-divider--view-line elementor-widget elementor-widget-divider\" data-id=\"f9aed36\" data-element_type=\"widget\" data-e-type=\"widget\" data-widget_type=\"divider.default\">\n\t\t\t\t<div class=\"elementor-widget-container\">\n\t\t\t\t\t\t\t<div class=\"elementor-divider\">\n\t\t\t<span class=\"elementor-divider-separator\">\n\t\t\t\t\t\t<\/span>\n\t\t<\/div>\n\t\t\t\t\t\t<\/div>\n\t\t\t\t<\/div>\n\t\t\t\t<div class=\"elementor-element elementor-element-d335893 elementor-widget elementor-widget-text-editor\" data-id=\"d335893\" data-element_type=\"widget\" data-e-type=\"widget\" data-widget_type=\"text-editor.default\">\n\t\t\t\t<div class=\"elementor-widget-container\">\n\t\t\t\t\t\t\t\t\t<p>Starting price: 2200 kr<\/p>\t\t\t\t\t\t\t\t<\/div>\n\t\t\t\t<\/div>\n\t\t\t\t\t<\/div>\n\t\t<\/div>\n\t\t\t\t<div class=\"elementor-column elementor-col-50 elementor-inner-column elementor-element elementor-element-2073951\" data-id=\"2073951\" data-element_type=\"column\" data-e-type=\"column\">\n\t\t\t<div class=\"elementor-widget-wrap elementor-element-populated\">\n\t\t\t\t\t\t<div class=\"elementor-element elementor-element-eeb236a elementor-widget elementor-widget-image\" data-id=\"eeb236a\" data-element_type=\"widget\" data-e-type=\"widget\" data-widget_type=\"image.default\">\n\t\t\t\t<div class=\"elementor-widget-container\">\n\t\t\t\t\t\t\t\t\t\t\t\t\t\t\t<img fetchpriority=\"high\" decoding=\"async\" width=\"1024\" height=\"683\" src=\"https:\/\/elnaz.se\/wp-content\/uploads\/2021\/10\/IMG_0814-1024x683.jpg\" class=\"attachment-large size-large wp-image-1591\" alt=\"\" srcset=\"https:\/\/elnaz.se\/wp-content\/uploads\/2021\/10\/IMG_0814-1024x683.jpg 1024w, https:\/\/elnaz.se\/wp-content\/uploads\/2021\/10\/IMG_0814-300x200.jpg 300w, https:\/\/elnaz.se\/wp-content\/uploads\/2021\/10\/IMG_0814-768x512.jpg 768w, https:\/\/elnaz.se\/wp-content\/uploads\/2021\/10\/IMG_0814-1536x1024.jpg 1536w, https:\/\/elnaz.se\/wp-content\/uploads\/2021\/10\/IMG_0814-2048x1366.jpg 2048w, https:\/\/elnaz.se\/wp-content\/uploads\/2021\/10\/IMG_0814-600x400.jpg 600w\" sizes=\"(max-width: 1024px) 100vw, 1024px\" \/>\t\t\t\t\t\t\t\t\t\t\t\t\t\t\t<\/div>\n\t\t\t\t<\/div>\n\t\t\t\t\t<\/div>\n\t\t<\/div>\n\t\t\t\t\t<\/div>\n\t\t<\/section>\n\t\t\t\t<section class=\"elementor-section elementor-inner-section elementor-element elementor-element-662da9d elementor-section-boxed elementor-section-height-default elementor-section-height-default\" data-id=\"662da9d\" data-element_type=\"section\" data-e-type=\"section\">\n\t\t\t\t\t\t<div class=\"elementor-container elementor-column-gap-default\">\n\t\t\t\t\t<div class=\"elementor-column elementor-col-50 elementor-inner-column elementor-element elementor-element-318dc4e\" data-id=\"318dc4e\" data-element_type=\"column\" data-e-type=\"column\">\n\t\t\t<div class=\"elementor-widget-wrap elementor-element-populated\">\n\t\t\t\t\t\t<div class=\"elementor-element elementor-element-853079b elementor-widget elementor-widget-image\" data-id=\"853079b\" data-element_type=\"widget\" data-e-type=\"widget\" data-widget_type=\"image.default\">\n\t\t\t\t<div class=\"elementor-widget-container\">\n\t\t\t\t\t\t\t\t\t\t\t\t\t\t\t<img decoding=\"async\" width=\"1024\" height=\"768\" src=\"https:\/\/elnaz.se\/wp-content\/uploads\/2021\/10\/DSCN7614-1024x768.jpg\" class=\"attachment-large size-large wp-image-1593\" alt=\"\" srcset=\"https:\/\/elnaz.se\/wp-content\/uploads\/2021\/10\/DSCN7614-1024x768.jpg 1024w, https:\/\/elnaz.se\/wp-content\/uploads\/2021\/10\/DSCN7614-300x225.jpg 300w, https:\/\/elnaz.se\/wp-content\/uploads\/2021\/10\/DSCN7614-768x576.jpg 768w, https:\/\/elnaz.se\/wp-content\/uploads\/2021\/10\/DSCN7614-1536x1152.jpg 1536w, https:\/\/elnaz.se\/wp-content\/uploads\/2021\/10\/DSCN7614-2048x1536.jpg 2048w, https:\/\/elnaz.se\/wp-content\/uploads\/2021\/10\/DSCN7614-600x450.jpg 600w\" sizes=\"(max-width: 1024px) 100vw, 1024px\" \/>\t\t\t\t\t\t\t\t\t\t\t\t\t\t\t<\/div>\n\t\t\t\t<\/div>\n\t\t\t\t\t<\/div>\n\t\t<\/div>\n\t\t\t\t<div class=\"elementor-column elementor-col-50 elementor-inner-column elementor-element elementor-element-f98a558\" data-id=\"f98a558\" data-element_type=\"column\" data-e-type=\"column\">\n\t\t\t<div class=\"elementor-widget-wrap elementor-element-populated\">\n\t\t\t\t\t\t<div class=\"elementor-element elementor-element-e2fdecf elementor-widget elementor-widget-heading\" data-id=\"e2fdecf\" data-element_type=\"widget\" data-e-type=\"widget\" data-widget_type=\"heading.default\">\n\t\t\t\t<div class=\"elementor-widget-container\">\n\t\t\t\t\t<h2 class=\"elementor-heading-title elementor-size-default\">Workshop\/ Bachelorette Party\/ Corporate Event<\/h2>\t\t\t\t<\/div>\n\t\t\t\t<\/div>\n\t\t\t\t<div class=\"elementor-element elementor-element-0c12317 elementor-widget elementor-widget-text-editor\" data-id=\"0c12317\" data-element_type=\"widget\" data-e-type=\"widget\" data-widget_type=\"text-editor.default\">\n\t\t\t\t<div class=\"elementor-widget-container\">\n\t\t\t\t\t\t\t\t\t<p style=\"box-sizing: inherit; font-size: 14px; font-style: normal; font-weight: 400;\">Learning belly dance can be a fun activity at, for example, a bachelorette party or corporate event!<\/p><p style=\"box-sizing: inherit; font-size: 14px; font-style: normal; font-weight: 400;\">A typical class consists of: warm-up, technique training for the shoulders, chest, and hips, a short step combination, and ends with stretching. There is also the option to learn a short choreography \u2013 perfect if you want to perform it later, for example at a wedding. The class is either 60 or 90 minutes long.<\/p><p style=\"box-sizing: inherit; font-size: 14px; font-style: normal; font-weight: 400;\"><span style=\"box-sizing: inherit; font-weight: bold;\">Choose among the following dance styles:<\/span><\/p><ul style=\"font-size: 14px; font-style: normal; font-weight: 400;\"><li style=\"box-sizing: inherit; font-size: 14px;\">Oriental dance\/ belly dance<\/li><li style=\"box-sizing: inherit; font-size: 14px;\">Fusion Belly Dance<\/li><li style=\"box-sizing: inherit; font-size: 14px;\">Fat Chance Belly Dance Style\u00ae<\/li><\/ul><div><span style=\"font-size: 14px;\">\u00a0<\/span><\/div><p style=\"box-sizing: inherit; font-size: 14px; font-style: normal; font-weight: 400;\">\u00a0<\/p>\t\t\t\t\t\t\t\t<\/div>\n\t\t\t\t<\/div>\n\t\t\t\t<div class=\"elementor-element elementor-element-00410b3 elementor-widget-divider--view-line elementor-widget elementor-widget-divider\" data-id=\"00410b3\" data-element_type=\"widget\" data-e-type=\"widget\" data-widget_type=\"divider.default\">\n\t\t\t\t<div class=\"elementor-widget-container\">\n\t\t\t\t\t\t\t<div class=\"elementor-divider\">\n\t\t\t<span class=\"elementor-divider-separator\">\n\t\t\t\t\t\t<\/span>\n\t\t<\/div>\n\t\t\t\t\t\t<\/div>\n\t\t\t\t<\/div>\n\t\t\t\t<div class=\"elementor-element elementor-element-bb6933f elementor-widget elementor-widget-text-editor\" data-id=\"bb6933f\" data-element_type=\"widget\" data-e-type=\"widget\" data-widget_type=\"text-editor.default\">\n\t\t\t\t<div class=\"elementor-widget-container\">\n\t\t\t\t\t\t\t\t\t<p><span style=\"font-size: 14px;\">Starting price: 1500 kr (studio fees are not included)<\/span><\/p>\t\t\t\t\t\t\t\t<\/div>\n\t\t\t\t<\/div>\n\t\t\t\t\t<\/div>\n\t\t<\/div>\n\t\t\t\t\t<\/div>\n\t\t<\/section>\n\t\t\t\t<div class=\"elementor-element elementor-element-4213783 elementor-widget elementor-widget-spacer\" data-id=\"4213783\" data-element_type=\"widget\" data-e-type=\"widget\" data-widget_type=\"spacer.default\">\n\t\t\t\t<div class=\"elementor-widget-container\">\n\t\t\t\t\t\t\t<div class=\"elementor-spacer\">\n\t\t\t<div class=\"elementor-spacer-inner\"><\/div>\n\t\t<\/div>\n\t\t\t\t\t\t<\/div>\n\t\t\t\t<\/div>\n\t\t\t\t<div class=\"elementor-element elementor-element-ef08878 elementor-align-center elementor-widget elementor-widget-button\" data-id=\"ef08878\" data-element_type=\"widget\" data-e-type=\"widget\" data-widget_type=\"button.default\">\n\t\t\t\t<div class=\"elementor-widget-container\">\n\t\t\t\t\t\t\t\t\t<div class=\"elementor-button-wrapper\">\n\t\t\t\t\t<a class=\"elementor-button elementor-button-link elementor-size-sm\" href=\"https:\/\/elnaz.se\/en\/bokningsforfragan\/\">\n\t\t\t\t\t\t<span class=\"elementor-button-content-wrapper\">\n\t\t\t\t\t\t\t\t\t<span class=\"elementor-button-text\">Booking request<\/span>\n\t\t\t\t\t<\/span>\n\t\t\t\t\t<\/a>\n\t\t\t\t<\/div>\n\t\t\t\t\t\t\t\t<\/div>\n\t\t\t\t<\/div>\n\t\t\t\t<div class=\"elementor-element elementor-element-77a1b23 elementor-widget elementor-widget-text-editor\" data-id=\"77a1b23\" data-element_type=\"widget\" data-e-type=\"widget\" data-widget_type=\"text-editor.default\">\n\t\t\t\t<div class=\"elementor-widget-container\">\n\t\t\t\t\t\t\t\t\t<p style=\"text-align: center;\"><em>Please read Elnaz's\u00a0<a href=\"https:\/\/elnaz.se\/en\/bokningsvillkor-for-show\/\">booking terms<\/a>\u00a0before sending in your request.<\/em><\/p>\t\t\t\t\t\t\t\t<\/div>\n\t\t\t\t<\/div>\n\t\t\t\t<div class=\"elementor-element elementor-element-7a4bff9 elementor-widget-divider--view-line elementor-widget elementor-widget-divider\" data-id=\"7a4bff9\" data-element_type=\"widget\" data-e-type=\"widget\" data-widget_type=\"divider.default\">\n\t\t\t\t<div class=\"elementor-widget-container\">\n\t\t\t\t\t\t\t<div class=\"elementor-divider\">\n\t\t\t<span class=\"elementor-divider-separator\">\n\t\t\t\t\t\t<\/span>\n\t\t<\/div>\n\t\t\t\t\t\t<\/div>\n\t\t\t\t<\/div>\n\t\t\t\t<section class=\"elementor-section elementor-inner-section elementor-element elementor-element-21ea6fd elementor-section-boxed elementor-section-height-default elementor-section-height-default\" data-id=\"21ea6fd\" data-element_type=\"section\" data-e-type=\"section\">\n\t\t\t\t\t\t<div class=\"elementor-container elementor-column-gap-default\">\n\t\t\t\t\t<div class=\"elementor-column elementor-col-50 elementor-inner-column elementor-element elementor-element-61e68e7\" data-id=\"61e68e7\" data-element_type=\"column\" data-e-type=\"column\">\n\t\t\t<div class=\"elementor-widget-wrap elementor-element-populated\">\n\t\t\t\t\t\t<div class=\"elementor-element elementor-element-c8c35dc elementor-widget elementor-widget-testimonial\" data-id=\"c8c35dc\" data-element_type=\"widget\" data-e-type=\"widget\" data-widget_type=\"testimonial.default\">\n\t\t\t\t<div class=\"elementor-widget-container\">\n\t\t\t\t\t\t\t<div class=\"elementor-testimonial-wrapper\">\n\t\t\t\t\t\t\t<div class=\"elementor-testimonial-content\">Elnaz made my 60th birthday celebration unforgettable with world-class Oriental dance! She is not only incredibly skilled with outstanding technique but also magically musical, somehow becoming one with the music\u2014truly something extraordinary. Thank you, dearest, most wonderful Elnaz!!!<\/div>\n\t\t\t\n\t\t\t\t\t\t<div class=\"elementor-testimonial-meta\">\n\t\t\t\t<div class=\"elementor-testimonial-meta-inner\">\n\t\t\t\t\t\n\t\t\t\t\t\t\t\t\t\t<div class=\"elementor-testimonial-details\">\n\t\t\t\t\t\t\t\t\t\t\t\t\t\t<div class=\"elementor-testimonial-name\">\u00c5sa<\/div>\n\t\t\t\t\t\t\t\t\t\t\t\t\t\t\t\t\t\t\t\t\t\t<div class=\"elementor-testimonial-job\">2022-09-22<\/div>\n\t\t\t\t\t\t\t\t\t\t\t\t\t<\/div>\n\t\t\t\t\t\t\t\t\t<\/div>\n\t\t\t<\/div>\n\t\t\t\t\t<\/div>\n\t\t\t\t\t\t<\/div>\n\t\t\t\t<\/div>\n\t\t\t\t\t<\/div>\n\t\t<\/div>\n\t\t\t\t<div class=\"elementor-column elementor-col-50 elementor-inner-column elementor-element elementor-element-c69fb0a\" data-id=\"c69fb0a\" data-element_type=\"column\" data-e-type=\"column\">\n\t\t\t<div class=\"elementor-widget-wrap elementor-element-populated\">\n\t\t\t\t\t\t<div class=\"elementor-element elementor-element-e4cd2a6 elementor-widget elementor-widget-testimonial\" data-id=\"e4cd2a6\" data-element_type=\"widget\" data-e-type=\"widget\" data-widget_type=\"testimonial.default\">\n\t\t\t\t<div class=\"elementor-widget-container\">\n\t\t\t\t\t\t\t<div class=\"elementor-testimonial-wrapper\">\n\t\t\t\t\t\t\t<div class=\"elementor-testimonial-content\">We had a fantastic and entertaining performance by Elnaz at our wedding. An incredibly professional performance tailored to our wishes. It became a highlight of the evening.<\/div>\n\t\t\t\n\t\t\t\t\t\t<div class=\"elementor-testimonial-meta\">\n\t\t\t\t<div class=\"elementor-testimonial-meta-inner\">\n\t\t\t\t\t\n\t\t\t\t\t\t\t\t\t\t<div class=\"elementor-testimonial-details\">\n\t\t\t\t\t\t\t\t\t\t\t\t\t\t<div class=\"elementor-testimonial-name\">Cecilia<\/div>\n\t\t\t\t\t\t\t\t\t\t\t\t\t\t\t\t\t\t\t\t\t\t<div class=\"elementor-testimonial-job\">2022-09-05<\/div>\n\t\t\t\t\t\t\t\t\t\t\t\t\t<\/div>\n\t\t\t\t\t\t\t\t\t<\/div>\n\t\t\t<\/div>\n\t\t\t\t\t<\/div>\n\t\t\t\t\t\t<\/div>\n\t\t\t\t<\/div>\n\t\t\t\t\t<\/div>\n\t\t<\/div>\n\t\t\t\t\t<\/div>\n\t\t<\/section>\n\t\t\t\t\t<\/div>\n\t\t<\/div>\n\t\t\t\t\t<\/div>\n\t\t<\/section>\n\t\t\t\t<\/div>","protected":false},"excerpt":{"rendered":"<p>Bokning G\u00f6r din fest, ditt br\u00f6llop eller ditt f\u00f6retagsevent of\u00f6rgl\u00f6mligt \u2013 anlita Elnaz f\u00f6r en elegant och medryckande dansf\u00f6rest\u00e4llning. Elnaz \u00e4r tillg\u00e4nglig f\u00f6r bokning av b\u00e5de f\u00f6rest\u00e4llningar och undervisning i ett flertal dansstilar. Genom \u00e5ren har hon g\u00e4stat b\u00e5de stora och sm\u00e5 scener som exempelvis Wisbymaskeraden (2011, 2012), Berns, Grand H\u00f4tel och Nalen. Hon har [&hellip;]<\/p>\n","protected":false},"author":1,"featured_media":0,"parent":0,"menu_order":0,"comment_status":"closed","ping_status":"closed","template":"","meta":{"site-sidebar-layout":"no-sidebar","site-content-layout":"page-builder","ast-site-content-layout":"full-width-container","site-content-style":"default","site-sidebar-style":"default","ast-global-header-display":"","ast-banner-title-visibility":"","ast-main-header-display":"","ast-hfb-above-header-display":"","ast-hfb-below-header-display":"","ast-hfb-mobile-header-display":"","site-post-title":"disabled","ast-breadcrumbs-content":"","ast-featured-img":"disabled","footer-sml-layout":"","ast-disable-related-posts":"","theme-transparent-header-meta":"","adv-header-id-meta":"","stick-header-meta":"","header-above-stick-meta":"","header-main-stick-meta":"","header-below-stick-meta":"","astra-migrate-meta-layouts":"set","ast-page-background-enabled":"default","ast-page-background-meta":{"desktop":{"background-color":"","background-image":"","background-repeat":"repeat","background-position":"center center","background-size":"auto","background-attachment":"scroll","background-type":"","background-media":"","overlay-type":"","overlay-color":"","overlay-opacity":"","overlay-gradient":""},"tablet":{"background-color":"","background-image":"","background-repeat":"repeat","background-position":"center center","background-size":"auto","background-attachment":"scroll","background-type":"","background-media":"","overlay-type":"","overlay-color":"","overlay-opacity":"","overlay-gradient":""},"mobile":{"background-color":"","background-image":"","background-repeat":"repeat","background-position":"center center","background-size":"auto","background-attachment":"scroll","background-type":"","background-media":"","overlay-type":"","overlay-color":"","overlay-opacity":"","overlay-gradient":""}},"ast-content-background-meta":{"desktop":{"background-color":"var(--ast-global-color-5)","background-image":"","background-repeat":"repeat","background-position":"center center","background-size":"auto","background-attachment":"scroll","background-type":"","background-media":"","overlay-type":"","overlay-color":"","overlay-opacity":"","overlay-gradient":""},"tablet":{"background-color":"var(--ast-global-color-5)","background-image":"","background-repeat":"repeat","background-position":"center center","background-size":"auto","background-attachment":"scroll","background-type":"","background-media":"","overlay-type":"","overlay-color":"","overlay-opacity":"","overlay-gradient":""},"mobile":{"background-color":"var(--ast-global-color-5)","background-image":"","background-repeat":"repeat","background-position":"center center","background-size":"auto","background-attachment":"scroll","background-type":"","background-media":"","overlay-type":"","overlay-color":"","overlay-opacity":"","overlay-gradient":""}},"footnotes":""},"class_list":["post-2616","page","type-page","status-publish","hentry"],"jetpack_sharing_enabled":true,"_links":{"self":[{"href":"https:\/\/elnaz.se\/en\/wp-json\/wp\/v2\/pages\/2616","targetHints":{"allow":["GET"]}}],"collection":[{"href":"https:\/\/elnaz.se\/en\/wp-json\/wp\/v2\/pages"}],"about":[{"href":"https:\/\/elnaz.se\/en\/wp-json\/wp\/v2\/types\/page"}],"author":[{"embeddable":true,"href":"https:\/\/elnaz.se\/en\/wp-json\/wp\/v2\/users\/1"}],"replies":[{"embeddable":true,"href":"https:\/\/elnaz.se\/en\/wp-json\/wp\/v2\/comments?post=2616"}],"version-history":[{"count":85,"href":"https:\/\/elnaz.se\/en\/wp-json\/wp\/v2\/pages\/2616\/revisions"}],"predecessor-version":[{"id":3214,"href":"https:\/\/elnaz.se\/en\/wp-json\/wp\/v2\/pages\/2616\/revisions\/3214"}],"wp:attachment":[{"href":"https:\/\/elnaz.se\/en\/wp-json\/wp\/v2\/media?parent=2616"}],"curies":[{"name":"wp","href":"https:\/\/api.w.org\/{rel}","templated":true}]}}