{"id":1166,"date":"2021-08-23T10:09:39","date_gmt":"2021-08-23T10:09:39","guid":{"rendered":"https:\/\/elnaz.se\/?page_id=1166"},"modified":"2024-09-14T10:12:12","modified_gmt":"2024-09-14T10:12:12","slug":"bokningsvillkor-for-show","status":"publish","type":"page","link":"https:\/\/elnaz.se\/en\/bokningsvillkor-for-show\/","title":{"rendered":"Bokningsvillkor f\u00f6r show"},"content":{"rendered":"<div data-elementor-type=\"wp-page\" data-elementor-id=\"1166\" class=\"elementor elementor-1166\">\n\t\t\t\t\t\t<section class=\"elementor-section elementor-top-section elementor-element elementor-element-4c25be49 elementor-section-boxed elementor-section-height-default elementor-section-height-default\" data-id=\"4c25be49\" data-element_type=\"section\" data-e-type=\"section\">\n\t\t\t\t\t\t<div class=\"elementor-container elementor-column-gap-default\">\n\t\t\t\t\t<div class=\"elementor-column elementor-col-100 elementor-top-column elementor-element elementor-element-3603cddb\" data-id=\"3603cddb\" data-element_type=\"column\" data-e-type=\"column\">\n\t\t\t<div class=\"elementor-widget-wrap elementor-element-populated\">\n\t\t\t\t\t\t<div class=\"elementor-element elementor-element-73cd3dd elementor-widget-divider--view-line elementor-widget elementor-widget-divider\" data-id=\"73cd3dd\" data-element_type=\"widget\" data-e-type=\"widget\" data-widget_type=\"divider.default\">\n\t\t\t\t<div class=\"elementor-widget-container\">\n\t\t\t\t\t\t\t<div class=\"elementor-divider\">\n\t\t\t<span class=\"elementor-divider-separator\">\n\t\t\t\t\t\t<\/span>\n\t\t<\/div>\n\t\t\t\t\t\t<\/div>\n\t\t\t\t<\/div>\n\t\t\t\t<div class=\"elementor-element elementor-element-feea003 elementor-widget elementor-widget-heading\" data-id=\"feea003\" data-element_type=\"widget\" data-e-type=\"widget\" data-widget_type=\"heading.default\">\n\t\t\t\t<div class=\"elementor-widget-container\">\n\t\t\t\t\t<h2 class=\"elementor-heading-title elementor-size-default\">Booking terms<\/h2>\t\t\t\t<\/div>\n\t\t\t\t<\/div>\n\t\t\t\t<div class=\"elementor-element elementor-element-293ac107 elementor-widget elementor-widget-text-editor\" data-id=\"293ac107\" data-element_type=\"widget\" data-e-type=\"widget\" data-widget_type=\"text-editor.default\">\n\t\t\t\t<div class=\"elementor-widget-container\">\n\t\t\t\t\t\t\t\t\t<p><\/p>\n<p class=\"has-text-align-center\" style=\"text-align: left;\">Elnaz is a professional artist whose performances are always family-friendly and suitable for all ages. Elnaz does not perform at events intended for men only, such as bachelor parties and similar occasions.<\/p>\n<p style=\"text-align: left;\"><\/p>\n<p class=\"has-text-align-center\" style=\"text-align: left;\">If any member of the audience behaves inappropriately, the dancer has the right to interrupt the performance. Elnaz does not accept tips during performances.<\/p>\n<p style=\"text-align: left;\"><\/p>\n<p class=\"has-text-align-center\" style=\"text-align: left;\">\u00a0<\/p>\n<p class=\"has-text-align-center\" style=\"text-align: left;\">The client is responsible for providing a dressing room where the dancer can safely store her belongings and valuables during the performance.<\/p>\n<p style=\"text-align: left;\"><\/p>\n<p class=\"has-text-align-center\" style=\"text-align: left;\">The client is responsible for ensuring a properly functioning sound system is available.<\/p>\n<p style=\"text-align: left;\"><\/p>\n<p class=\"has-text-align-center\" style=\"text-align: left;\">\u00a0<\/p>\n<p class=\"has-text-align-center\" style=\"text-align: left;\">Prices apply within the Stockholm area. For performances outside Stockholm, travel costs will be added. For pricing information outside Stockholm, please contact Elnaz for more details.<\/p>\n<p style=\"text-align: left;\"><\/p>\n<p class=\"has-text-align-center\" style=\"text-align: left;\">Free cancellation is available up to seven days before the performance. For cancellations made later than seven days before the performance, half of the fee will be charged.<\/p>\n<p style=\"text-align: left;\"><\/p>\n<p class=\"has-text-align-center\" style=\"text-align: left;\">Payment is made via SWISH or by invoice.<\/p>\n<p style=\"text-align: left;\"><\/p>\n<p class=\"has-text-align-center\" style=\"text-align: left;\">\u00a0<\/p>\n<p class=\"has-text-align-center\" style=\"text-align: left;\">The above booking terms apply upon confirmation of a booking request.<\/p>\n<p><\/p>\t\t\t\t\t\t\t\t<\/div>\n\t\t\t\t<\/div>\n\t\t\t\t<div class=\"elementor-element elementor-element-1c289ff elementor-widget elementor-widget-spacer\" data-id=\"1c289ff\" data-element_type=\"widget\" data-e-type=\"widget\" data-widget_type=\"spacer.default\">\n\t\t\t\t<div class=\"elementor-widget-container\">\n\t\t\t\t\t\t\t<div class=\"elementor-spacer\">\n\t\t\t<div class=\"elementor-spacer-inner\"><\/div>\n\t\t<\/div>\n\t\t\t\t\t\t<\/div>\n\t\t\t\t<\/div>\n\t\t\t\t\t<\/div>\n\t\t<\/div>\n\t\t\t\t\t<\/div>\n\t\t<\/section>\n\t\t\t\t<\/div>","protected":false},"excerpt":{"rendered":"<p>Bokningsvillkor Elnaz \u00e4r en professionell artist vars f\u00f6rest\u00e4llningar alltid \u00e4r familjev\u00e4nliga och passar alla \u00e5ldrar. Elnaz upptr\u00e4der inte p\u00e5 evenemang som \u00e4r avsedda f\u00f6r enbart m\u00e4n, s\u00e5som svensexor och liknande. Om n\u00e5gon i publiken mot f\u00f6rmodan beter sig ol\u00e4mpligt har dansaren r\u00e4tt att avbryta f\u00f6rest\u00e4llningen. Elnaz tar inte emot dricks under f\u00f6rest\u00e4llningar. \u00a0 Kunden ansvarar [&hellip;]<\/p>\n","protected":false},"author":1,"featured_media":0,"parent":0,"menu_order":0,"comment_status":"closed","ping_status":"closed","template":"","meta":{"site-sidebar-layout":"default","site-content-layout":"plain-container","ast-site-content-layout":"default","site-content-style":"default","site-sidebar-style":"default","ast-global-header-display":"","ast-banner-title-visibility":"","ast-main-header-display":"","ast-hfb-above-header-display":"","ast-hfb-below-header-display":"","ast-hfb-mobile-header-display":"","site-post-title":"disabled","ast-breadcrumbs-content":"","ast-featured-img":"","footer-sml-layout":"","ast-disable-related-posts":"","theme-transparent-header-meta":"default","adv-header-id-meta":"","stick-header-meta":"","header-above-stick-meta":"","header-main-stick-meta":"","header-below-stick-meta":"","astra-migrate-meta-layouts":"default","ast-page-background-enabled":"default","ast-page-background-meta":{"desktop":{"background-color":"","background-image":"","background-repeat":"repeat","background-position":"center center","background-size":"auto","background-attachment":"scroll","background-type":"","background-media":"","overlay-type":"","overlay-color":"","overlay-opacity":"","overlay-gradient":""},"tablet":{"background-color":"","background-image":"","background-repeat":"repeat","background-position":"center center","background-size":"auto","background-attachment":"scroll","background-type":"","background-media":"","overlay-type":"","overlay-color":"","overlay-opacity":"","overlay-gradient":""},"mobile":{"background-color":"","background-image":"","background-repeat":"repeat","background-position":"center center","background-size":"auto","background-attachment":"scroll","background-type":"","background-media":"","overlay-type":"","overlay-color":"","overlay-opacity":"","overlay-gradient":""}},"ast-content-background-meta":{"desktop":{"background-color":"var(--ast-global-color-5)","background-image":"","background-repeat":"repeat","background-position":"center center","background-size":"auto","background-attachment":"scroll","background-type":"","background-media":"","overlay-type":"","overlay-color":"","overlay-opacity":"","overlay-gradient":""},"tablet":{"background-color":"var(--ast-global-color-5)","background-image":"","background-repeat":"repeat","background-position":"center center","background-size":"auto","background-attachment":"scroll","background-type":"","background-media":"","overlay-type":"","overlay-color":"","overlay-opacity":"","overlay-gradient":""},"mobile":{"background-color":"var(--ast-global-color-5)","background-image":"","background-repeat":"repeat","background-position":"center center","background-size":"auto","background-attachment":"scroll","background-type":"","background-media":"","overlay-type":"","overlay-color":"","overlay-opacity":"","overlay-gradient":""}},"footnotes":""},"class_list":["post-1166","page","type-page","status-publish","hentry"],"jetpack_sharing_enabled":true,"_links":{"self":[{"href":"https:\/\/elnaz.se\/en\/wp-json\/wp\/v2\/pages\/1166","targetHints":{"allow":["GET"]}}],"collection":[{"href":"https:\/\/elnaz.se\/en\/wp-json\/wp\/v2\/pages"}],"about":[{"href":"https:\/\/elnaz.se\/en\/wp-json\/wp\/v2\/types\/page"}],"author":[{"embeddable":true,"href":"https:\/\/elnaz.se\/en\/wp-json\/wp\/v2\/users\/1"}],"replies":[{"embeddable":true,"href":"https:\/\/elnaz.se\/en\/wp-json\/wp\/v2\/comments?post=1166"}],"version-history":[{"count":19,"href":"https:\/\/elnaz.se\/en\/wp-json\/wp\/v2\/pages\/1166\/revisions"}],"predecessor-version":[{"id":3033,"href":"https:\/\/elnaz.se\/en\/wp-json\/wp\/v2\/pages\/1166\/revisions\/3033"}],"wp:attachment":[{"href":"https:\/\/elnaz.se\/en\/wp-json\/wp\/v2\/media?parent=1166"}],"curies":[{"name":"wp","href":"https:\/\/api.w.org\/{rel}","templated":true}]}}